{"id":2389,"date":"2020-01-30T00:22:00","date_gmt":"2020-01-30T05:22:00","guid":{"rendered":"http:\/\/ridefordad.ca\/annual-reports\/"},"modified":"2025-06-13T17:19:46","modified_gmt":"2025-06-13T21:19:46","slug":"annual-reports","status":"publish","type":"page","link":"https:\/\/ridefordad.ca\/fr\/annual-reports\/","title":{"rendered":"Rapports annuels"},"content":{"rendered":"","protected":false},"excerpt":{"rendered":"","protected":false},"author":1,"featured_media":1760,"parent":0,"menu_order":0,"comment_status":"closed","ping_status":"closed","template":"","meta":{"_acf_changed":false,"_lmt_disableupdate":"no","_lmt_disable":"","footnotes":""},"class_list":["post-2389","page","type-page","status-publish","has-post-thumbnail","hentry"],"acf":[],"yoast_head":"<!-- This site is optimized with the Yoast SEO plugin v27.3 - https:\/\/yoast.com\/product\/yoast-seo-wordpress\/ -->\n<title>Rapports annuels sur la sensibilisation et la recherche concernant le cancer de la prostate | Randon\u00e9e pour papa<\/title>\n<meta name=\"description\" content=\"Les rapports annuels constituent un compte-rendu de responsabilit\u00e9 visant \u00e0 sauver des vies masculines par le financement de la sensibilisation et de la recherche sur le cancer de la prostate \u00e0 travers le Canada.\" \/>\n<meta name=\"robots\" content=\"index, follow, max-snippet:-1, max-image-preview:large, max-video-preview:-1\" \/>\n<link rel=\"canonical\" href=\"https:\/\/ridefordad.ca\/fr\/annual-reports\/\" \/>\n<meta property=\"og:locale\" content=\"fr_FR\" \/>\n<meta property=\"og:type\" content=\"article\" \/>\n<meta property=\"og:title\" content=\"Rapports annuels sur la sensibilisation et la recherche concernant le cancer de la prostate | Randon\u00e9e pour papa\" \/>\n<meta property=\"og:description\" content=\"Les rapports annuels constituent un compte-rendu de responsabilit\u00e9 visant \u00e0 sauver des vies masculines par le financement de la sensibilisation et de la recherche sur le cancer de la prostate \u00e0 travers le Canada.\" \/>\n<meta property=\"og:url\" content=\"https:\/\/ridefordad.ca\/fr\/annual-reports\/\" \/>\n<meta property=\"og:site_name\" content=\"Randon\u00e9e pour papa\" \/>\n<meta property=\"article:modified_time\" content=\"2025-06-13T21:19:46+00:00\" \/>\n<meta property=\"og:image\" content=\"https:\/\/ridefordad.ca\/wp-content\/uploads\/2020\/09\/reports-scaled.jpg\" \/>\n\t<meta property=\"og:image:width\" content=\"2560\" \/>\n\t<meta property=\"og:image:height\" content=\"1707\" \/>\n\t<meta property=\"og:image:type\" content=\"image\/jpeg\" \/>\n<meta name=\"twitter:card\" content=\"summary_large_image\" \/>\n<script type=\"application\/ld+json\" class=\"yoast-schema-graph\">{\"@context\":\"https:\\\/\\\/schema.org\",\"@graph\":[{\"@type\":\"WebPage\",\"@id\":\"https:\\\/\\\/ridefordad.ca\\\/fr\\\/annual-reports\\\/\",\"url\":\"https:\\\/\\\/ridefordad.ca\\\/fr\\\/annual-reports\\\/\",\"name\":\"Rapports annuels sur la sensibilisation et la recherche concernant le cancer de la prostate | Randon\u00e9e pour papa\",\"isPartOf\":{\"@id\":\"https:\\\/\\\/ridefordad.ca\\\/fr\\\/#website\"},\"primaryImageOfPage\":{\"@id\":\"https:\\\/\\\/ridefordad.ca\\\/fr\\\/annual-reports\\\/#primaryimage\"},\"image\":{\"@id\":\"https:\\\/\\\/ridefordad.ca\\\/fr\\\/annual-reports\\\/#primaryimage\"},\"thumbnailUrl\":\"https:\\\/\\\/ridefordad.ca\\\/wp-content\\\/uploads\\\/2020\\\/09\\\/reports-scaled.jpg\",\"datePublished\":\"2020-01-30T05:22:00+00:00\",\"dateModified\":\"2025-06-13T21:19:46+00:00\",\"description\":\"Les rapports annuels constituent un compte-rendu de responsabilit\u00e9 visant \u00e0 sauver des vies masculines par le financement de la sensibilisation et de la recherche sur le cancer de la prostate \u00e0 travers le Canada.\",\"breadcrumb\":{\"@id\":\"https:\\\/\\\/ridefordad.ca\\\/fr\\\/annual-reports\\\/#breadcrumb\"},\"inLanguage\":\"fr-FR\",\"potentialAction\":[{\"@type\":\"ReadAction\",\"target\":[\"https:\\\/\\\/ridefordad.ca\\\/fr\\\/annual-reports\\\/\"]}]},{\"@type\":\"ImageObject\",\"inLanguage\":\"fr-FR\",\"@id\":\"https:\\\/\\\/ridefordad.ca\\\/fr\\\/annual-reports\\\/#primaryimage\",\"url\":\"https:\\\/\\\/ridefordad.ca\\\/wp-content\\\/uploads\\\/2020\\\/09\\\/reports-scaled.jpg\",\"contentUrl\":\"https:\\\/\\\/ridefordad.ca\\\/wp-content\\\/uploads\\\/2020\\\/09\\\/reports-scaled.jpg\",\"width\":2560,\"height\":1707,\"caption\":\"Image of businessperson pointing at document in touchpad at meeting\"},{\"@type\":\"BreadcrumbList\",\"@id\":\"https:\\\/\\\/ridefordad.ca\\\/fr\\\/annual-reports\\\/#breadcrumb\",\"itemListElement\":[{\"@type\":\"ListItem\",\"position\":1,\"name\":\"Home\",\"item\":\"https:\\\/\\\/ridefordad.ca\\\/fr\\\/accueil\\\/\"},{\"@type\":\"ListItem\",\"position\":2,\"name\":\"Rapports annuels\"}]},{\"@type\":\"WebSite\",\"@id\":\"https:\\\/\\\/ridefordad.ca\\\/fr\\\/#website\",\"url\":\"https:\\\/\\\/ridefordad.ca\\\/fr\\\/\",\"name\":\"Randon\u00e9e pour papa\",\"description\":\"In Support of  Prostate Cancer Fight Foundation\",\"publisher\":{\"@id\":\"https:\\\/\\\/ridefordad.ca\\\/fr\\\/#organization\"},\"potentialAction\":[{\"@type\":\"SearchAction\",\"target\":{\"@type\":\"EntryPoint\",\"urlTemplate\":\"https:\\\/\\\/ridefordad.ca\\\/fr\\\/?s={search_term_string}\"},\"query-input\":{\"@type\":\"PropertyValueSpecification\",\"valueRequired\":true,\"valueName\":\"search_term_string\"}}],\"inLanguage\":\"fr-FR\"},{\"@type\":\"Organization\",\"@id\":\"https:\\\/\\\/ridefordad.ca\\\/fr\\\/#organization\",\"name\":\"Randon\u00e9e pour papa\",\"url\":\"https:\\\/\\\/ridefordad.ca\\\/fr\\\/\",\"logo\":{\"@type\":\"ImageObject\",\"inLanguage\":\"fr-FR\",\"@id\":\"https:\\\/\\\/ridefordad.ca\\\/fr\\\/#\\\/schema\\\/logo\\\/image\\\/\",\"url\":\"https:\\\/\\\/ridefordad.ca\\\/wp-content\\\/uploads\\\/2020\\\/09\\\/RFD-Logo.png\",\"contentUrl\":\"https:\\\/\\\/ridefordad.ca\\\/wp-content\\\/uploads\\\/2020\\\/09\\\/RFD-Logo.png\",\"width\":200,\"height\":200,\"caption\":\"Randon\u00e9e pour papa\"},\"image\":{\"@id\":\"https:\\\/\\\/ridefordad.ca\\\/fr\\\/#\\\/schema\\\/logo\\\/image\\\/\"}}]}<\/script>\n<!-- \/ Yoast SEO plugin. -->","yoast_head_json":{"title":"Rapports annuels sur la sensibilisation et la recherche concernant le cancer de la prostate | Randon\u00e9e pour papa","description":"Les rapports annuels constituent un compte-rendu de responsabilit\u00e9 visant \u00e0 sauver des vies masculines par le financement de la sensibilisation et de la recherche sur le cancer de la prostate \u00e0 travers le Canada.","robots":{"index":"index","follow":"follow","max-snippet":"max-snippet:-1","max-image-preview":"max-image-preview:large","max-video-preview":"max-video-preview:-1"},"canonical":"https:\/\/ridefordad.ca\/fr\/annual-reports\/","og_locale":"fr_FR","og_type":"article","og_title":"Rapports annuels sur la sensibilisation et la recherche concernant le cancer de la prostate | Randon\u00e9e pour papa","og_description":"Les rapports annuels constituent un compte-rendu de responsabilit\u00e9 visant \u00e0 sauver des vies masculines par le financement de la sensibilisation et de la recherche sur le cancer de la prostate \u00e0 travers le Canada.","og_url":"https:\/\/ridefordad.ca\/fr\/annual-reports\/","og_site_name":"Randon\u00e9e pour papa","article_modified_time":"2025-06-13T21:19:46+00:00","og_image":[{"width":2560,"height":1707,"url":"https:\/\/ridefordad.ca\/wp-content\/uploads\/2020\/09\/reports-scaled.jpg","type":"image\/jpeg"}],"twitter_card":"summary_large_image","schema":{"@context":"https:\/\/schema.org","@graph":[{"@type":"WebPage","@id":"https:\/\/ridefordad.ca\/fr\/annual-reports\/","url":"https:\/\/ridefordad.ca\/fr\/annual-reports\/","name":"Rapports annuels sur la sensibilisation et la recherche concernant le cancer de la prostate | Randon\u00e9e pour papa","isPartOf":{"@id":"https:\/\/ridefordad.ca\/fr\/#website"},"primaryImageOfPage":{"@id":"https:\/\/ridefordad.ca\/fr\/annual-reports\/#primaryimage"},"image":{"@id":"https:\/\/ridefordad.ca\/fr\/annual-reports\/#primaryimage"},"thumbnailUrl":"https:\/\/ridefordad.ca\/wp-content\/uploads\/2020\/09\/reports-scaled.jpg","datePublished":"2020-01-30T05:22:00+00:00","dateModified":"2025-06-13T21:19:46+00:00","description":"Les rapports annuels constituent un compte-rendu de responsabilit\u00e9 visant \u00e0 sauver des vies masculines par le financement de la sensibilisation et de la recherche sur le cancer de la prostate \u00e0 travers le Canada.","breadcrumb":{"@id":"https:\/\/ridefordad.ca\/fr\/annual-reports\/#breadcrumb"},"inLanguage":"fr-FR","potentialAction":[{"@type":"ReadAction","target":["https:\/\/ridefordad.ca\/fr\/annual-reports\/"]}]},{"@type":"ImageObject","inLanguage":"fr-FR","@id":"https:\/\/ridefordad.ca\/fr\/annual-reports\/#primaryimage","url":"https:\/\/ridefordad.ca\/wp-content\/uploads\/2020\/09\/reports-scaled.jpg","contentUrl":"https:\/\/ridefordad.ca\/wp-content\/uploads\/2020\/09\/reports-scaled.jpg","width":2560,"height":1707,"caption":"Image of businessperson pointing at document in touchpad at meeting"},{"@type":"BreadcrumbList","@id":"https:\/\/ridefordad.ca\/fr\/annual-reports\/#breadcrumb","itemListElement":[{"@type":"ListItem","position":1,"name":"Home","item":"https:\/\/ridefordad.ca\/fr\/accueil\/"},{"@type":"ListItem","position":2,"name":"Rapports annuels"}]},{"@type":"WebSite","@id":"https:\/\/ridefordad.ca\/fr\/#website","url":"https:\/\/ridefordad.ca\/fr\/","name":"Randon\u00e9e pour papa","description":"In Support of  Prostate Cancer Fight Foundation","publisher":{"@id":"https:\/\/ridefordad.ca\/fr\/#organization"},"potentialAction":[{"@type":"SearchAction","target":{"@type":"EntryPoint","urlTemplate":"https:\/\/ridefordad.ca\/fr\/?s={search_term_string}"},"query-input":{"@type":"PropertyValueSpecification","valueRequired":true,"valueName":"search_term_string"}}],"inLanguage":"fr-FR"},{"@type":"Organization","@id":"https:\/\/ridefordad.ca\/fr\/#organization","name":"Randon\u00e9e pour papa","url":"https:\/\/ridefordad.ca\/fr\/","logo":{"@type":"ImageObject","inLanguage":"fr-FR","@id":"https:\/\/ridefordad.ca\/fr\/#\/schema\/logo\/image\/","url":"https:\/\/ridefordad.ca\/wp-content\/uploads\/2020\/09\/RFD-Logo.png","contentUrl":"https:\/\/ridefordad.ca\/wp-content\/uploads\/2020\/09\/RFD-Logo.png","width":200,"height":200,"caption":"Randon\u00e9e pour papa"},"image":{"@id":"https:\/\/ridefordad.ca\/fr\/#\/schema\/logo\/image\/"}}]}},"_links":{"self":[{"href":"https:\/\/ridefordad.ca\/fr\/wp-json\/wp\/v2\/pages\/2389","targetHints":{"allow":["GET"]}}],"collection":[{"href":"https:\/\/ridefordad.ca\/fr\/wp-json\/wp\/v2\/pages"}],"about":[{"href":"https:\/\/ridefordad.ca\/fr\/wp-json\/wp\/v2\/types\/page"}],"author":[{"embeddable":true,"href":"https:\/\/ridefordad.ca\/fr\/wp-json\/wp\/v2\/users\/1"}],"replies":[{"embeddable":true,"href":"https:\/\/ridefordad.ca\/fr\/wp-json\/wp\/v2\/comments?post=2389"}],"version-history":[{"count":5,"href":"https:\/\/ridefordad.ca\/fr\/wp-json\/wp\/v2\/pages\/2389\/revisions"}],"predecessor-version":[{"id":3471,"href":"https:\/\/ridefordad.ca\/fr\/wp-json\/wp\/v2\/pages\/2389\/revisions\/3471"}],"wp:featuredmedia":[{"embeddable":true,"href":"https:\/\/ridefordad.ca\/fr\/wp-json\/wp\/v2\/media\/1760"}],"wp:attachment":[{"href":"https:\/\/ridefordad.ca\/fr\/wp-json\/wp\/v2\/media?parent=2389"}],"curies":[{"name":"wp","href":"https:\/\/api.w.org\/{rel}","templated":true}]}}