{"id":2398,"date":"2020-01-28T22:02:42","date_gmt":"2020-01-29T03:02:42","guid":{"rendered":"http:\/\/ridefordad.ca\/prostate-cancer-fight-foundation\/"},"modified":"2026-02-02T14:15:54","modified_gmt":"2026-02-02T19:15:54","slug":"prostate-cancer-fight-foundation","status":"publish","type":"page","link":"https:\/\/ridefordad.ca\/fr\/prostate-cancer-fight-foundation\/","title":{"rendered":"Fondation de lutte contre le cancer de la prostate"},"content":{"rendered":"","protected":false},"excerpt":{"rendered":"","protected":false},"author":1,"featured_media":1773,"parent":0,"menu_order":0,"comment_status":"closed","ping_status":"closed","template":"","meta":{"_acf_changed":false,"_lmt_disableupdate":"no","_lmt_disable":"","footnotes":""},"class_list":["post-2398","page","type-page","status-publish","has-post-thumbnail","hentry"],"acf":[],"yoast_head":"<!-- This site is optimized with the Yoast SEO plugin v27.3 - https:\/\/yoast.com\/product\/yoast-seo-wordpress\/ -->\n<title>Conseil consultatif m\u00e9dical de la Fondation de lutte contre le cancer de la prostate<\/title>\n<meta name=\"description\" content=\"L&#039;argent amass\u00e9 lors des \u00e9v\u00e9nements Ride For Dad est vers\u00e9 \u00e0 la FLCSP pour financer la recherche et promouvoir la sensibilisation au cancer de la prostate.\" \/>\n<meta name=\"robots\" content=\"index, follow, max-snippet:-1, max-image-preview:large, max-video-preview:-1\" \/>\n<link rel=\"canonical\" href=\"https:\/\/ridefordad.ca\/fr\/prostate-cancer-fight-foundation\/\" \/>\n<meta property=\"og:locale\" content=\"fr_FR\" \/>\n<meta property=\"og:type\" content=\"article\" \/>\n<meta property=\"og:title\" content=\"Conseil consultatif m\u00e9dical de la Fondation de lutte contre le cancer de la prostate\" \/>\n<meta property=\"og:description\" content=\"L&#039;argent amass\u00e9 lors des \u00e9v\u00e9nements Ride For Dad est vers\u00e9 \u00e0 la FLCSP pour financer la recherche et promouvoir la sensibilisation au cancer de la prostate.\" \/>\n<meta property=\"og:url\" content=\"https:\/\/ridefordad.ca\/fr\/prostate-cancer-fight-foundation\/\" \/>\n<meta property=\"og:site_name\" content=\"Randon\u00e9e pour papa\" \/>\n<meta property=\"article:modified_time\" content=\"2026-02-02T19:15:54+00:00\" \/>\n<meta property=\"og:image\" content=\"https:\/\/ridefordad.ca\/wp-content\/uploads\/2020\/09\/Untitled-design-7.png\" \/>\n\t<meta property=\"og:image:width\" content=\"200\" \/>\n\t<meta property=\"og:image:height\" content=\"200\" \/>\n\t<meta property=\"og:image:type\" content=\"image\/png\" \/>\n<meta name=\"twitter:card\" content=\"summary_large_image\" \/>\n<script type=\"application\/ld+json\" class=\"yoast-schema-graph\">{\"@context\":\"https:\\\/\\\/schema.org\",\"@graph\":[{\"@type\":\"WebPage\",\"@id\":\"https:\\\/\\\/ridefordad.ca\\\/fr\\\/prostate-cancer-fight-foundation\\\/\",\"url\":\"https:\\\/\\\/ridefordad.ca\\\/fr\\\/prostate-cancer-fight-foundation\\\/\",\"name\":\"Conseil consultatif m\u00e9dical de la Fondation de lutte contre le cancer de la prostate\",\"isPartOf\":{\"@id\":\"https:\\\/\\\/ridefordad.ca\\\/fr\\\/#website\"},\"primaryImageOfPage\":{\"@id\":\"https:\\\/\\\/ridefordad.ca\\\/fr\\\/prostate-cancer-fight-foundation\\\/#primaryimage\"},\"image\":{\"@id\":\"https:\\\/\\\/ridefordad.ca\\\/fr\\\/prostate-cancer-fight-foundation\\\/#primaryimage\"},\"thumbnailUrl\":\"https:\\\/\\\/ridefordad.ca\\\/wp-content\\\/uploads\\\/2020\\\/09\\\/Untitled-design-7.png\",\"datePublished\":\"2020-01-29T03:02:42+00:00\",\"dateModified\":\"2026-02-02T19:15:54+00:00\",\"description\":\"L'argent amass\u00e9 lors des \u00e9v\u00e9nements Ride For Dad est vers\u00e9 \u00e0 la FLCSP pour financer la recherche et promouvoir la sensibilisation au cancer de la prostate.\",\"breadcrumb\":{\"@id\":\"https:\\\/\\\/ridefordad.ca\\\/fr\\\/prostate-cancer-fight-foundation\\\/#breadcrumb\"},\"inLanguage\":\"fr-FR\",\"potentialAction\":[{\"@type\":\"ReadAction\",\"target\":[\"https:\\\/\\\/ridefordad.ca\\\/fr\\\/prostate-cancer-fight-foundation\\\/\"]}]},{\"@type\":\"ImageObject\",\"inLanguage\":\"fr-FR\",\"@id\":\"https:\\\/\\\/ridefordad.ca\\\/fr\\\/prostate-cancer-fight-foundation\\\/#primaryimage\",\"url\":\"https:\\\/\\\/ridefordad.ca\\\/wp-content\\\/uploads\\\/2020\\\/09\\\/Untitled-design-7.png\",\"contentUrl\":\"https:\\\/\\\/ridefordad.ca\\\/wp-content\\\/uploads\\\/2020\\\/09\\\/Untitled-design-7.png\",\"width\":200,\"height\":200,\"caption\":\"prostate cancer fight foundation logo\"},{\"@type\":\"BreadcrumbList\",\"@id\":\"https:\\\/\\\/ridefordad.ca\\\/fr\\\/prostate-cancer-fight-foundation\\\/#breadcrumb\",\"itemListElement\":[{\"@type\":\"ListItem\",\"position\":1,\"name\":\"Home\",\"item\":\"https:\\\/\\\/ridefordad.ca\\\/fr\\\/accueil\\\/\"},{\"@type\":\"ListItem\",\"position\":2,\"name\":\"Fondation de lutte contre le cancer de la prostate\"}]},{\"@type\":\"WebSite\",\"@id\":\"https:\\\/\\\/ridefordad.ca\\\/fr\\\/#website\",\"url\":\"https:\\\/\\\/ridefordad.ca\\\/fr\\\/\",\"name\":\"Randon\u00e9e pour papa\",\"description\":\"In Support of  Prostate Cancer Fight Foundation\",\"publisher\":{\"@id\":\"https:\\\/\\\/ridefordad.ca\\\/fr\\\/#organization\"},\"potentialAction\":[{\"@type\":\"SearchAction\",\"target\":{\"@type\":\"EntryPoint\",\"urlTemplate\":\"https:\\\/\\\/ridefordad.ca\\\/fr\\\/?s={search_term_string}\"},\"query-input\":{\"@type\":\"PropertyValueSpecification\",\"valueRequired\":true,\"valueName\":\"search_term_string\"}}],\"inLanguage\":\"fr-FR\"},{\"@type\":\"Organization\",\"@id\":\"https:\\\/\\\/ridefordad.ca\\\/fr\\\/#organization\",\"name\":\"Randon\u00e9e pour papa\",\"url\":\"https:\\\/\\\/ridefordad.ca\\\/fr\\\/\",\"logo\":{\"@type\":\"ImageObject\",\"inLanguage\":\"fr-FR\",\"@id\":\"https:\\\/\\\/ridefordad.ca\\\/fr\\\/#\\\/schema\\\/logo\\\/image\\\/\",\"url\":\"https:\\\/\\\/ridefordad.ca\\\/wp-content\\\/uploads\\\/2020\\\/09\\\/RFD-Logo.png\",\"contentUrl\":\"https:\\\/\\\/ridefordad.ca\\\/wp-content\\\/uploads\\\/2020\\\/09\\\/RFD-Logo.png\",\"width\":200,\"height\":200,\"caption\":\"Randon\u00e9e pour papa\"},\"image\":{\"@id\":\"https:\\\/\\\/ridefordad.ca\\\/fr\\\/#\\\/schema\\\/logo\\\/image\\\/\"}}]}<\/script>\n<!-- \/ Yoast SEO plugin. -->","yoast_head_json":{"title":"Conseil consultatif m\u00e9dical de la Fondation de lutte contre le cancer de la prostate","description":"L'argent amass\u00e9 lors des \u00e9v\u00e9nements Ride For Dad est vers\u00e9 \u00e0 la FLCSP pour financer la recherche et promouvoir la sensibilisation au cancer de la prostate.","robots":{"index":"index","follow":"follow","max-snippet":"max-snippet:-1","max-image-preview":"max-image-preview:large","max-video-preview":"max-video-preview:-1"},"canonical":"https:\/\/ridefordad.ca\/fr\/prostate-cancer-fight-foundation\/","og_locale":"fr_FR","og_type":"article","og_title":"Conseil consultatif m\u00e9dical de la Fondation de lutte contre le cancer de la prostate","og_description":"L'argent amass\u00e9 lors des \u00e9v\u00e9nements Ride For Dad est vers\u00e9 \u00e0 la FLCSP pour financer la recherche et promouvoir la sensibilisation au cancer de la prostate.","og_url":"https:\/\/ridefordad.ca\/fr\/prostate-cancer-fight-foundation\/","og_site_name":"Randon\u00e9e pour papa","article_modified_time":"2026-02-02T19:15:54+00:00","og_image":[{"width":200,"height":200,"url":"https:\/\/ridefordad.ca\/wp-content\/uploads\/2020\/09\/Untitled-design-7.png","type":"image\/png"}],"twitter_card":"summary_large_image","schema":{"@context":"https:\/\/schema.org","@graph":[{"@type":"WebPage","@id":"https:\/\/ridefordad.ca\/fr\/prostate-cancer-fight-foundation\/","url":"https:\/\/ridefordad.ca\/fr\/prostate-cancer-fight-foundation\/","name":"Conseil consultatif m\u00e9dical de la Fondation de lutte contre le cancer de la prostate","isPartOf":{"@id":"https:\/\/ridefordad.ca\/fr\/#website"},"primaryImageOfPage":{"@id":"https:\/\/ridefordad.ca\/fr\/prostate-cancer-fight-foundation\/#primaryimage"},"image":{"@id":"https:\/\/ridefordad.ca\/fr\/prostate-cancer-fight-foundation\/#primaryimage"},"thumbnailUrl":"https:\/\/ridefordad.ca\/wp-content\/uploads\/2020\/09\/Untitled-design-7.png","datePublished":"2020-01-29T03:02:42+00:00","dateModified":"2026-02-02T19:15:54+00:00","description":"L'argent amass\u00e9 lors des \u00e9v\u00e9nements Ride For Dad est vers\u00e9 \u00e0 la FLCSP pour financer la recherche et promouvoir la sensibilisation au cancer de la prostate.","breadcrumb":{"@id":"https:\/\/ridefordad.ca\/fr\/prostate-cancer-fight-foundation\/#breadcrumb"},"inLanguage":"fr-FR","potentialAction":[{"@type":"ReadAction","target":["https:\/\/ridefordad.ca\/fr\/prostate-cancer-fight-foundation\/"]}]},{"@type":"ImageObject","inLanguage":"fr-FR","@id":"https:\/\/ridefordad.ca\/fr\/prostate-cancer-fight-foundation\/#primaryimage","url":"https:\/\/ridefordad.ca\/wp-content\/uploads\/2020\/09\/Untitled-design-7.png","contentUrl":"https:\/\/ridefordad.ca\/wp-content\/uploads\/2020\/09\/Untitled-design-7.png","width":200,"height":200,"caption":"prostate cancer fight foundation logo"},{"@type":"BreadcrumbList","@id":"https:\/\/ridefordad.ca\/fr\/prostate-cancer-fight-foundation\/#breadcrumb","itemListElement":[{"@type":"ListItem","position":1,"name":"Home","item":"https:\/\/ridefordad.ca\/fr\/accueil\/"},{"@type":"ListItem","position":2,"name":"Fondation de lutte contre le cancer de la prostate"}]},{"@type":"WebSite","@id":"https:\/\/ridefordad.ca\/fr\/#website","url":"https:\/\/ridefordad.ca\/fr\/","name":"Randon\u00e9e pour papa","description":"In Support of  Prostate Cancer Fight Foundation","publisher":{"@id":"https:\/\/ridefordad.ca\/fr\/#organization"},"potentialAction":[{"@type":"SearchAction","target":{"@type":"EntryPoint","urlTemplate":"https:\/\/ridefordad.ca\/fr\/?s={search_term_string}"},"query-input":{"@type":"PropertyValueSpecification","valueRequired":true,"valueName":"search_term_string"}}],"inLanguage":"fr-FR"},{"@type":"Organization","@id":"https:\/\/ridefordad.ca\/fr\/#organization","name":"Randon\u00e9e pour papa","url":"https:\/\/ridefordad.ca\/fr\/","logo":{"@type":"ImageObject","inLanguage":"fr-FR","@id":"https:\/\/ridefordad.ca\/fr\/#\/schema\/logo\/image\/","url":"https:\/\/ridefordad.ca\/wp-content\/uploads\/2020\/09\/RFD-Logo.png","contentUrl":"https:\/\/ridefordad.ca\/wp-content\/uploads\/2020\/09\/RFD-Logo.png","width":200,"height":200,"caption":"Randon\u00e9e pour papa"},"image":{"@id":"https:\/\/ridefordad.ca\/fr\/#\/schema\/logo\/image\/"}}]}},"_links":{"self":[{"href":"https:\/\/ridefordad.ca\/fr\/wp-json\/wp\/v2\/pages\/2398","targetHints":{"allow":["GET"]}}],"collection":[{"href":"https:\/\/ridefordad.ca\/fr\/wp-json\/wp\/v2\/pages"}],"about":[{"href":"https:\/\/ridefordad.ca\/fr\/wp-json\/wp\/v2\/types\/page"}],"author":[{"embeddable":true,"href":"https:\/\/ridefordad.ca\/fr\/wp-json\/wp\/v2\/users\/1"}],"replies":[{"embeddable":true,"href":"https:\/\/ridefordad.ca\/fr\/wp-json\/wp\/v2\/comments?post=2398"}],"version-history":[{"count":3,"href":"https:\/\/ridefordad.ca\/fr\/wp-json\/wp\/v2\/pages\/2398\/revisions"}],"predecessor-version":[{"id":2510,"href":"https:\/\/ridefordad.ca\/fr\/wp-json\/wp\/v2\/pages\/2398\/revisions\/2510"}],"wp:featuredmedia":[{"embeddable":true,"href":"https:\/\/ridefordad.ca\/fr\/wp-json\/wp\/v2\/media\/1773"}],"wp:attachment":[{"href":"https:\/\/ridefordad.ca\/fr\/wp-json\/wp\/v2\/media?parent=2398"}],"curies":[{"name":"wp","href":"https:\/\/api.w.org\/{rel}","templated":true}]}}