{"id":5112,"date":"2021-04-13T16:54:10","date_gmt":"2021-04-13T20:54:10","guid":{"rendered":"https:\/\/ridefordad.ca\/?page_id=5112"},"modified":"2026-04-03T14:21:23","modified_gmt":"2026-04-03T18:21:23","slug":"captains-club","status":"publish","type":"page","link":"https:\/\/ridefordad.ca\/fr\/captains-club\/","title":{"rendered":"Club des Capitaines"},"content":{"rendered":"<p>Ride For Dad a la chance de compter des milliers de personnes d\u00e9vou\u00e9es \u00e0 travers le Canada qui s&rsquo;engagent \u00e0 recueillir des promesses de dons pour notre lutte contre le cancer de la prostate. La collecte de fonds n&rsquo;est pas une t\u00e2che facile et nous avons demand\u00e9 \u00e0 certains de nos meilleurs membres du Club des Capitaines de partager leur histoire et de fournir des conseils sur la meilleure fa\u00e7on d&rsquo;approcher les donateurs potentiels et de les inviter \u00e0 se joindre \u00e0 la lutte contre le cancer de la prostate. <\/p>\n","protected":false},"excerpt":{"rendered":"<p>Ride For Dad a la chance de compter des milliers de personnes d\u00e9vou\u00e9es \u00e0 travers le Canada qui s&rsquo;engagent \u00e0 recueillir des promesses de dons pour<span class=\"excerpt-hellip\"> [\u2026]<\/span><\/p>\n","protected":false},"author":7,"featured_media":1775,"parent":0,"menu_order":0,"comment_status":"closed","ping_status":"closed","template":"","meta":{"_acf_changed":false,"_lmt_disableupdate":"no","_lmt_disable":"","footnotes":""},"class_list":["post-5112","page","type-page","status-publish","has-post-thumbnail","hentry"],"acf":[],"yoast_head":"<!-- This site is optimized with the Yoast SEO plugin v27.3 - https:\/\/yoast.com\/product\/yoast-seo-wordpress\/ -->\n<title>Membres et promesses de dons du Club des Capitaines | Ride For Dad<\/title>\n<meta name=\"description\" content=\"Le Club des Capitaines reconna\u00eet les membres qui ont recueilli 1 000 $ ou plus en promesses de dons pour la lutte contre le cancer de la prostate.\" \/>\n<meta name=\"robots\" content=\"index, follow, max-snippet:-1, max-image-preview:large, max-video-preview:-1\" \/>\n<link rel=\"canonical\" href=\"https:\/\/ridefordad.ca\/fr\/captains-club\/\" \/>\n<meta property=\"og:locale\" content=\"fr_FR\" \/>\n<meta property=\"og:type\" content=\"article\" \/>\n<meta property=\"og:title\" content=\"Membres et promesses de dons du Club des Capitaines | Ride For Dad\" \/>\n<meta property=\"og:description\" content=\"Le Club des Capitaines reconna\u00eet les membres qui ont recueilli 1 000 $ ou plus en promesses de dons pour la lutte contre le cancer de la prostate.\" \/>\n<meta property=\"og:url\" content=\"https:\/\/ridefordad.ca\/fr\/captains-club\/\" \/>\n<meta property=\"og:site_name\" content=\"Randon\u00e9e pour papa\" \/>\n<meta property=\"article:modified_time\" content=\"2026-04-03T18:21:23+00:00\" \/>\n<meta property=\"og:image\" content=\"https:\/\/ridefordad.ca\/wp-content\/uploads\/2020\/09\/RFD-Logo.png\" \/>\n\t<meta property=\"og:image:width\" content=\"200\" \/>\n\t<meta property=\"og:image:height\" content=\"200\" \/>\n\t<meta property=\"og:image:type\" content=\"image\/png\" \/>\n<meta name=\"twitter:card\" content=\"summary_large_image\" \/>\n<script type=\"application\/ld+json\" class=\"yoast-schema-graph\">{\"@context\":\"https:\\\/\\\/schema.org\",\"@graph\":[{\"@type\":\"WebPage\",\"@id\":\"https:\\\/\\\/ridefordad.ca\\\/fr\\\/captains-club\\\/\",\"url\":\"https:\\\/\\\/ridefordad.ca\\\/fr\\\/captains-club\\\/\",\"name\":\"Membres et promesses de dons du Club des Capitaines | Ride For Dad\",\"isPartOf\":{\"@id\":\"https:\\\/\\\/ridefordad.ca\\\/fr\\\/#website\"},\"primaryImageOfPage\":{\"@id\":\"https:\\\/\\\/ridefordad.ca\\\/fr\\\/captains-club\\\/#primaryimage\"},\"image\":{\"@id\":\"https:\\\/\\\/ridefordad.ca\\\/fr\\\/captains-club\\\/#primaryimage\"},\"thumbnailUrl\":\"https:\\\/\\\/ridefordad.ca\\\/wp-content\\\/uploads\\\/2020\\\/09\\\/RFD-Logo.png\",\"datePublished\":\"2021-04-13T20:54:10+00:00\",\"dateModified\":\"2026-04-03T18:21:23+00:00\",\"description\":\"Le Club des Capitaines reconna\u00eet les membres qui ont recueilli 1 000 $ ou plus en promesses de dons pour la lutte contre le cancer de la prostate.\",\"breadcrumb\":{\"@id\":\"https:\\\/\\\/ridefordad.ca\\\/fr\\\/captains-club\\\/#breadcrumb\"},\"inLanguage\":\"fr-FR\",\"potentialAction\":[{\"@type\":\"ReadAction\",\"target\":[\"https:\\\/\\\/ridefordad.ca\\\/fr\\\/captains-club\\\/\"]}]},{\"@type\":\"ImageObject\",\"inLanguage\":\"fr-FR\",\"@id\":\"https:\\\/\\\/ridefordad.ca\\\/fr\\\/captains-club\\\/#primaryimage\",\"url\":\"https:\\\/\\\/ridefordad.ca\\\/wp-content\\\/uploads\\\/2020\\\/09\\\/RFD-Logo.png\",\"contentUrl\":\"https:\\\/\\\/ridefordad.ca\\\/wp-content\\\/uploads\\\/2020\\\/09\\\/RFD-Logo.png\",\"width\":200,\"height\":200,\"caption\":\"Logo jaune et gris de Ride for Dad\"},{\"@type\":\"BreadcrumbList\",\"@id\":\"https:\\\/\\\/ridefordad.ca\\\/fr\\\/captains-club\\\/#breadcrumb\",\"itemListElement\":[{\"@type\":\"ListItem\",\"position\":1,\"name\":\"Home\",\"item\":\"https:\\\/\\\/ridefordad.ca\\\/fr\\\/accueil\\\/\"},{\"@type\":\"ListItem\",\"position\":2,\"name\":\"Club des Capitaines\"}]},{\"@type\":\"WebSite\",\"@id\":\"https:\\\/\\\/ridefordad.ca\\\/fr\\\/#website\",\"url\":\"https:\\\/\\\/ridefordad.ca\\\/fr\\\/\",\"name\":\"Randon\u00e9e pour papa\",\"description\":\"In Support of  Prostate Cancer Fight Foundation\",\"publisher\":{\"@id\":\"https:\\\/\\\/ridefordad.ca\\\/fr\\\/#organization\"},\"potentialAction\":[{\"@type\":\"SearchAction\",\"target\":{\"@type\":\"EntryPoint\",\"urlTemplate\":\"https:\\\/\\\/ridefordad.ca\\\/fr\\\/?s={search_term_string}\"},\"query-input\":{\"@type\":\"PropertyValueSpecification\",\"valueRequired\":true,\"valueName\":\"search_term_string\"}}],\"inLanguage\":\"fr-FR\"},{\"@type\":\"Organization\",\"@id\":\"https:\\\/\\\/ridefordad.ca\\\/fr\\\/#organization\",\"name\":\"Randon\u00e9e pour papa\",\"url\":\"https:\\\/\\\/ridefordad.ca\\\/fr\\\/\",\"logo\":{\"@type\":\"ImageObject\",\"inLanguage\":\"fr-FR\",\"@id\":\"https:\\\/\\\/ridefordad.ca\\\/fr\\\/#\\\/schema\\\/logo\\\/image\\\/\",\"url\":\"https:\\\/\\\/ridefordad.ca\\\/wp-content\\\/uploads\\\/2020\\\/09\\\/RFD-Logo.png\",\"contentUrl\":\"https:\\\/\\\/ridefordad.ca\\\/wp-content\\\/uploads\\\/2020\\\/09\\\/RFD-Logo.png\",\"width\":200,\"height\":200,\"caption\":\"Randon\u00e9e pour papa\"},\"image\":{\"@id\":\"https:\\\/\\\/ridefordad.ca\\\/fr\\\/#\\\/schema\\\/logo\\\/image\\\/\"}}]}<\/script>\n<!-- \/ Yoast SEO plugin. -->","yoast_head_json":{"title":"Membres et promesses de dons du Club des Capitaines | Ride For Dad","description":"Le Club des Capitaines reconna\u00eet les membres qui ont recueilli 1 000 $ ou plus en promesses de dons pour la lutte contre le cancer de la prostate.","robots":{"index":"index","follow":"follow","max-snippet":"max-snippet:-1","max-image-preview":"max-image-preview:large","max-video-preview":"max-video-preview:-1"},"canonical":"https:\/\/ridefordad.ca\/fr\/captains-club\/","og_locale":"fr_FR","og_type":"article","og_title":"Membres et promesses de dons du Club des Capitaines | Ride For Dad","og_description":"Le Club des Capitaines reconna\u00eet les membres qui ont recueilli 1 000 $ ou plus en promesses de dons pour la lutte contre le cancer de la prostate.","og_url":"https:\/\/ridefordad.ca\/fr\/captains-club\/","og_site_name":"Randon\u00e9e pour papa","article_modified_time":"2026-04-03T18:21:23+00:00","og_image":[{"width":200,"height":200,"url":"https:\/\/ridefordad.ca\/wp-content\/uploads\/2020\/09\/RFD-Logo.png","type":"image\/png"}],"twitter_card":"summary_large_image","schema":{"@context":"https:\/\/schema.org","@graph":[{"@type":"WebPage","@id":"https:\/\/ridefordad.ca\/fr\/captains-club\/","url":"https:\/\/ridefordad.ca\/fr\/captains-club\/","name":"Membres et promesses de dons du Club des Capitaines | Ride For Dad","isPartOf":{"@id":"https:\/\/ridefordad.ca\/fr\/#website"},"primaryImageOfPage":{"@id":"https:\/\/ridefordad.ca\/fr\/captains-club\/#primaryimage"},"image":{"@id":"https:\/\/ridefordad.ca\/fr\/captains-club\/#primaryimage"},"thumbnailUrl":"https:\/\/ridefordad.ca\/wp-content\/uploads\/2020\/09\/RFD-Logo.png","datePublished":"2021-04-13T20:54:10+00:00","dateModified":"2026-04-03T18:21:23+00:00","description":"Le Club des Capitaines reconna\u00eet les membres qui ont recueilli 1 000 $ ou plus en promesses de dons pour la lutte contre le cancer de la prostate.","breadcrumb":{"@id":"https:\/\/ridefordad.ca\/fr\/captains-club\/#breadcrumb"},"inLanguage":"fr-FR","potentialAction":[{"@type":"ReadAction","target":["https:\/\/ridefordad.ca\/fr\/captains-club\/"]}]},{"@type":"ImageObject","inLanguage":"fr-FR","@id":"https:\/\/ridefordad.ca\/fr\/captains-club\/#primaryimage","url":"https:\/\/ridefordad.ca\/wp-content\/uploads\/2020\/09\/RFD-Logo.png","contentUrl":"https:\/\/ridefordad.ca\/wp-content\/uploads\/2020\/09\/RFD-Logo.png","width":200,"height":200,"caption":"Logo jaune et gris de Ride for Dad"},{"@type":"BreadcrumbList","@id":"https:\/\/ridefordad.ca\/fr\/captains-club\/#breadcrumb","itemListElement":[{"@type":"ListItem","position":1,"name":"Home","item":"https:\/\/ridefordad.ca\/fr\/accueil\/"},{"@type":"ListItem","position":2,"name":"Club des Capitaines"}]},{"@type":"WebSite","@id":"https:\/\/ridefordad.ca\/fr\/#website","url":"https:\/\/ridefordad.ca\/fr\/","name":"Randon\u00e9e pour papa","description":"In Support of  Prostate Cancer Fight Foundation","publisher":{"@id":"https:\/\/ridefordad.ca\/fr\/#organization"},"potentialAction":[{"@type":"SearchAction","target":{"@type":"EntryPoint","urlTemplate":"https:\/\/ridefordad.ca\/fr\/?s={search_term_string}"},"query-input":{"@type":"PropertyValueSpecification","valueRequired":true,"valueName":"search_term_string"}}],"inLanguage":"fr-FR"},{"@type":"Organization","@id":"https:\/\/ridefordad.ca\/fr\/#organization","name":"Randon\u00e9e pour papa","url":"https:\/\/ridefordad.ca\/fr\/","logo":{"@type":"ImageObject","inLanguage":"fr-FR","@id":"https:\/\/ridefordad.ca\/fr\/#\/schema\/logo\/image\/","url":"https:\/\/ridefordad.ca\/wp-content\/uploads\/2020\/09\/RFD-Logo.png","contentUrl":"https:\/\/ridefordad.ca\/wp-content\/uploads\/2020\/09\/RFD-Logo.png","width":200,"height":200,"caption":"Randon\u00e9e pour papa"},"image":{"@id":"https:\/\/ridefordad.ca\/fr\/#\/schema\/logo\/image\/"}}]}},"_links":{"self":[{"href":"https:\/\/ridefordad.ca\/fr\/wp-json\/wp\/v2\/pages\/5112","targetHints":{"allow":["GET"]}}],"collection":[{"href":"https:\/\/ridefordad.ca\/fr\/wp-json\/wp\/v2\/pages"}],"about":[{"href":"https:\/\/ridefordad.ca\/fr\/wp-json\/wp\/v2\/types\/page"}],"author":[{"embeddable":true,"href":"https:\/\/ridefordad.ca\/fr\/wp-json\/wp\/v2\/users\/7"}],"replies":[{"embeddable":true,"href":"https:\/\/ridefordad.ca\/fr\/wp-json\/wp\/v2\/comments?post=5112"}],"version-history":[{"count":5,"href":"https:\/\/ridefordad.ca\/fr\/wp-json\/wp\/v2\/pages\/5112\/revisions"}],"predecessor-version":[{"id":10033,"href":"https:\/\/ridefordad.ca\/fr\/wp-json\/wp\/v2\/pages\/5112\/revisions\/10033"}],"wp:featuredmedia":[{"embeddable":true,"href":"https:\/\/ridefordad.ca\/fr\/wp-json\/wp\/v2\/media\/1775"}],"wp:attachment":[{"href":"https:\/\/ridefordad.ca\/fr\/wp-json\/wp\/v2\/media?parent=5112"}],"curies":[{"name":"wp","href":"https:\/\/api.w.org\/{rel}","templated":true}]}}