{"id":8118,"date":"2024-09-25T14:43:43","date_gmt":"2024-09-25T18:43:43","guid":{"rendered":"https:\/\/ridefordad.ca\/benevole\/"},"modified":"2024-09-25T15:51:57","modified_gmt":"2024-09-25T19:51:57","slug":"benevole","status":"publish","type":"page","link":"https:\/\/ridefordad.ca\/fr\/benevole\/","title":{"rendered":"Volontaires"},"content":{"rendered":"<div class=\"wpforms-container wpforms-container-full\" id=\"wpforms-2334\"><form id=\"wpforms-form-2334\" class=\"wpforms-validate wpforms-form\" data-formid=\"2334\" method=\"post\" enctype=\"multipart\/form-data\" action=\"\/fr\/wp-json\/wp\/v2\/pages\/8118\" data-token=\"fd9ba9b4e4d8d523b553e4ec7ade98e6\" data-token-time=\"1775620042\"><noscript class=\"wpforms-error-noscript\">Veuillez activer JavaScript dans votre navigateur pour remplir ce formulaire.<\/noscript><div class=\"wpforms-field-container\"><div id=\"wpforms-2334-field_14-container\" class=\"wpforms-field wpforms-field-html\" data-field-id=\"14\"><div id=\"wpforms-2334-field_14\"><h3>Devenez un combattant du cancer de la prostate Ride For Dad<\/h3><\/div><\/div><div id=\"wpforms-2334-field_3-container\" class=\"wpforms-field wpforms-field-name\" data-field-id=\"3\"><label class=\"wpforms-field-label\">Nom <span class=\"wpforms-required-label\">*<\/span><\/label><div class=\"wpforms-field-row wpforms-field-large\"><div class=\"wpforms-field-row-block wpforms-first wpforms-one-half\"><input type=\"text\" id=\"wpforms-2334-field_3\" class=\"wpforms-field-name-first wpforms-field-required\" name=\"wpforms[fields][3][first]\" required><label for=\"wpforms-2334-field_3\" class=\"wpforms-field-sublabel after\">Pr\u00e9nom<\/label><\/div><div class=\"wpforms-field-row-block wpforms-one-half\"><input type=\"text\" id=\"wpforms-2334-field_3-last\" class=\"wpforms-field-name-last wpforms-field-required\" name=\"wpforms[fields][3][last]\" required><label for=\"wpforms-2334-field_3-last\" class=\"wpforms-field-sublabel after\">Nom<\/label><\/div><\/div><\/div><div id=\"wpforms-2334-field_6-container\" class=\"wpforms-field wpforms-field-email wpforms-one-half wpforms-first\" data-field-id=\"6\"><label class=\"wpforms-field-label\" for=\"wpforms-2334-field_6\">Adresse e-mail <span class=\"wpforms-required-label\">*<\/span><\/label><input type=\"email\" id=\"wpforms-2334-field_6\" class=\"wpforms-field-medium wpforms-field-required\" name=\"wpforms[fields][6]\" spellcheck=\"false\" required><\/div><div id=\"wpforms-2334-field_7-container\" class=\"wpforms-field wpforms-field-phone wpforms-one-half\" data-field-id=\"7\"><label class=\"wpforms-field-label\" for=\"wpforms-2334-field_7\">T\u00e9l\u00e9phone portable<\/label><input type=\"tel\" id=\"wpforms-2334-field_7\" class=\"wpforms-field-medium wpforms-smart-phone-field\" data-rule-smart-phone-field=\"true\" name=\"wpforms[fields][7]\" aria-label=\"T\u00e9l\u00e9phone portable\" ><\/div><div id=\"wpforms-2334-field_9-container\" class=\"wpforms-field wpforms-field-text wpforms-one-half wpforms-first\" data-field-id=\"9\"><label class=\"wpforms-field-label\" for=\"wpforms-2334-field_9\">Ville de r\u00e9sidence<\/label><input type=\"text\" id=\"wpforms-2334-field_9\" class=\"wpforms-field-medium\" name=\"wpforms[fields][9]\" ><\/div><div id=\"wpforms-2334-field_12-container\" class=\"wpforms-field wpforms-field-select wpforms-one-half wpforms-field-select-style-classic\" data-field-id=\"12\"><label class=\"wpforms-field-label\" for=\"wpforms-2334-field_12\">Chapitre<\/label><select id=\"wpforms-2334-field_12\" class=\"wpforms-field-medium\" name=\"wpforms[fields][12]\"><option value=\"\" class=\"placeholder\" disabled  selected='selected'>S\u00e9lectionnez un chapitre<\/option><option value=\"2370\"  class=\"choice-0 depth-1\"  >Avalon (St. John's et sa r\u00e9gion)<\/option><option value=\"9307\"  class=\"choice-1 depth-1\"  >Balade caritative Surerus Murphy Squamish (partenaire communautaire)<\/option><option value=\"8585\"  class=\"choice-2 depth-1\"  >Calgary<\/option><option value=\"9316\"  class=\"choice-3 depth-1\"  >Comt\u00e9s de l'Est (collecte de fonds communautaire)<\/option><option value=\"3000\"  class=\"choice-4 depth-1\"  >Durham &amp; GTE<\/option><option value=\"3004\"  class=\"choice-5 depth-1\"  >Edmonton<\/option><option value=\"3006\"  class=\"choice-6 depth-1\"  >Fort McMurray<\/option><option value=\"3017\"  class=\"choice-7 depth-1\"  >Gander<\/option><option value=\"3015\"  class=\"choice-8 depth-1\"  >Golden Horseshoe &amp; GTW<\/option><option value=\"8638\"  class=\"choice-9 depth-1\"  >Grand River (Kitchener-Waterloo)<\/option><option value=\"3607\"  class=\"choice-10 depth-1\"  >Halifax<\/option><option value=\"3027\"  class=\"choice-11 depth-1\"  >Huronia (Orillia)<\/option><option value=\"3031\"  class=\"choice-12 depth-1\"  >Kingston-Quinte<\/option><option value=\"3131\"  class=\"choice-13 depth-1\"  >L'Ouest de Terre-Neuve<\/option><option value=\"3033\"  class=\"choice-14 depth-1\"  >Lakeland<\/option><option value=\"3035\"  class=\"choice-15 depth-1\"  >London<\/option><option value=\"6331\"  class=\"choice-16 depth-1\"  >Maitland Valley (Wingham)<\/option><option value=\"3137\"  class=\"choice-17 depth-1\"  >Manitoba<\/option><option value=\"5947\"  class=\"choice-18 depth-1\"  >Moncton (Collecte de fonds communautaire)<\/option><option value=\"8314\"  class=\"choice-19 depth-1\"  >Montr\u00e9al<\/option><option value=\"3037\"  class=\"choice-20 depth-1\"  >Niagara<\/option><option value=\"2989\"  class=\"choice-21 depth-1\"  >Nipissing<\/option><option value=\"3039\"  class=\"choice-22 depth-1\"  >Okanagan<\/option><option value=\"3041\"  class=\"choice-23 depth-1\"  >Ottawa<\/option><option value=\"7919\"  class=\"choice-24 depth-1\"  >Randonn\u00e9e de bienfaisance de la Bytown Motorcycle Association (partenaire communautaire)<\/option><option value=\"3050\"  class=\"choice-25 depth-1\"  >Red Deer<\/option><option value=\"8724\"  class=\"choice-26 depth-1\"  >Rural Alberta (Didsbury)<\/option><option value=\"3056\"  class=\"choice-27 depth-1\"  >Rural Alberta (Didsbury)<\/option><option value=\"3077\"  class=\"choice-28 depth-1\"  >Saskatoon<\/option><option value=\"5946\"  class=\"choice-29 depth-1\"  >Sud de l'Alberta (Coaldale)<\/option><option value=\"3129\"  class=\"choice-30 depth-1\"  >Swift Current<\/option><option value=\"3133\"  class=\"choice-31 depth-1\"  >Windsor<\/option><option value=\"3135\"  class=\"choice-32 depth-1\"  >Yukon<\/option><\/select><\/div><div id=\"wpforms-2334-field_11-container\" class=\"wpforms-field wpforms-field-checkbox wpforms-list-2-columns wpforms-conditional-trigger\" data-field-id=\"11\"><label class=\"wpforms-field-label\">Cases \u00e0 cocher<\/label><ul id=\"wpforms-2334-field_11\"><li class=\"choice-4 depth-1\"><input type=\"checkbox\" id=\"wpforms-2334-field_11_4\" name=\"wpforms[fields][11][]\" value=\"Administration\/enregistrement\"  ><label class=\"wpforms-field-label-inline\" for=\"wpforms-2334-field_11_4\">Administration\/enregistrement<\/label><\/li><li class=\"choice-5 depth-1\"><input type=\"checkbox\" id=\"wpforms-2334-field_11_5\" name=\"wpforms[fields][11][]\" value=\"Ventes de parrainage\"  ><label class=\"wpforms-field-label-inline\" for=\"wpforms-2334-field_11_5\">Ventes de parrainage<\/label><\/li><li class=\"choice-6 depth-1\"><input type=\"checkbox\" id=\"wpforms-2334-field_11_6\" name=\"wpforms[fields][11][]\" value=\"Finances\"  ><label class=\"wpforms-field-label-inline\" for=\"wpforms-2334-field_11_6\">Finances<\/label><\/li><li class=\"choice-7 depth-1\"><input type=\"checkbox\" id=\"wpforms-2334-field_11_7\" name=\"wpforms[fields][11][]\" value=\"Planification d&#039;\u00e9v\u00e9nements\"  ><label class=\"wpforms-field-label-inline\" for=\"wpforms-2334-field_11_7\">Planification d'\u00e9v\u00e9nements<\/label><\/li><li class=\"choice-8 depth-1\"><input type=\"checkbox\" id=\"wpforms-2334-field_11_8\" name=\"wpforms[fields][11][]\" value=\"Ventes de souvenirs\"  ><label class=\"wpforms-field-label-inline\" for=\"wpforms-2334-field_11_8\">Ventes de souvenirs<\/label><\/li><li class=\"choice-9 depth-1\"><input type=\"checkbox\" id=\"wpforms-2334-field_11_9\" name=\"wpforms[fields][11][]\" value=\"Contr\u00f4le\/bloquage du trafic\"  ><label class=\"wpforms-field-label-inline\" for=\"wpforms-2334-field_11_9\">Contr\u00f4le\/bloquage du trafic<\/label><\/li><li class=\"choice-10 depth-1\"><input type=\"checkbox\" id=\"wpforms-2334-field_11_10\" name=\"wpforms[fields][11][]\" value=\"Communications\"  ><label class=\"wpforms-field-label-inline\" for=\"wpforms-2334-field_11_10\">Communications<\/label><\/li><li class=\"choice-11 depth-1\"><input type=\"checkbox\" id=\"wpforms-2334-field_11_11\" name=\"wpforms[fields][11][]\" value=\"Logistique des trajets\"  ><label class=\"wpforms-field-label-inline\" for=\"wpforms-2334-field_11_11\">Logistique des trajets<\/label><\/li><li class=\"choice-12 depth-1\"><input type=\"checkbox\" id=\"wpforms-2334-field_11_12\" name=\"wpforms[fields][11][]\" value=\"R\u00e9seaux sociaux\"  ><label class=\"wpforms-field-label-inline\" for=\"wpforms-2334-field_11_12\">R\u00e9seaux sociaux<\/label><\/li><li class=\"choice-13 depth-1\"><input type=\"checkbox\" id=\"wpforms-2334-field_11_13\" name=\"wpforms[fields][11][]\" value=\"Collecte de fonds\"  ><label class=\"wpforms-field-label-inline\" for=\"wpforms-2334-field_11_13\">Collecte de fonds<\/label><\/li><li class=\"choice-14 depth-1\"><input type=\"checkbox\" id=\"wpforms-2334-field_11_14\" name=\"wpforms[fields][11][]\" value=\"Relations avec les m\u00e9dias\"  ><label class=\"wpforms-field-label-inline\" for=\"wpforms-2334-field_11_14\">Relations avec les m\u00e9dias<\/label><\/li><li class=\"choice-15 depth-1\"><input type=\"checkbox\" id=\"wpforms-2334-field_11_15\" name=\"wpforms[fields][11][]\" value=\"Recrutement\/coordination des b\u00e9n\u00e9voles\"  ><label class=\"wpforms-field-label-inline\" for=\"wpforms-2334-field_11_15\">Recrutement\/coordination des b\u00e9n\u00e9voles<\/label><\/li><li class=\"choice-16 depth-1\"><input type=\"checkbox\" id=\"wpforms-2334-field_11_16\" name=\"wpforms[fields][11][]\" value=\"Autre\"  ><label class=\"wpforms-field-label-inline\" for=\"wpforms-2334-field_11_16\">Autre<\/label><\/li><\/ul><\/div><div id=\"wpforms-2334-field_13-container\" class=\"wpforms-field wpforms-field-text wpforms-conditional-field wpforms-conditional-show\" data-field-id=\"13\" style=\"display:none;\"><label class=\"wpforms-field-label\" for=\"wpforms-2334-field_13\">Veuillez pr\u00e9ciser :<\/label><input type=\"text\" id=\"wpforms-2334-field_13\" class=\"wpforms-field-medium\" name=\"wpforms[fields][13]\" ><\/div><div id=\"wpforms-2334-field_1-container\" class=\"wpforms-field wpforms-field-textarea\" data-field-id=\"1\"><label class=\"wpforms-field-label\" for=\"wpforms-2334-field_1\">Dans la case ci-dessous, veuillez fournir des exemples de votre exp\u00e9rience de b\u00e9n\u00e9volat ou de travail pertinente<\/label><textarea id=\"wpforms-2334-field_1\" class=\"wpforms-field-medium\" name=\"wpforms[fields][1]\" ><\/textarea><\/div><div id=\"wpforms-2334-field_10-container\" class=\"wpforms-field wpforms-field-textarea\" data-field-id=\"10\"><label class=\"wpforms-field-label\" for=\"wpforms-2334-field_10\">Dans la case ci-dessous, veuillez nous dire pourquoi vous souhaitez \u00eatre b\u00e9n\u00e9vole pour le Ride For Dad<\/label><textarea id=\"wpforms-2334-field_10\" class=\"wpforms-field-medium\" name=\"wpforms[fields][10]\" ><\/textarea><\/div><\/div><!-- .wpforms-field-container --><div class=\"wpforms-recaptcha-container wpforms-is-recaptcha wpforms-is-recaptcha-type-invisible\" ><div class=\"g-recaptcha\" data-sitekey=\"6LeW5YUlAAAAANtpBd-4PmHG1oG-ZJdgGczg3zBF\" data-size=\"invisible\"><\/div><\/div><div class=\"wpforms-submit-container\" ><input type=\"hidden\" name=\"wpforms[id]\" value=\"2334\"><input type=\"hidden\" name=\"page_title\" value=\"\"><input type=\"hidden\" name=\"page_url\" value=\"https:\/\/ridefordad.ca\/fr\/wp-json\/wp\/v2\/pages\/8118\"><input type=\"hidden\" name=\"url_referer\" value=\"\"><button type=\"submit\" name=\"wpforms[submit]\" id=\"wpforms-submit-2334\" class=\"wpforms-submit\" data-alt-text=\"Envoi...\" data-submit-text=\"Soumettre\" aria-live=\"assertive\" value=\"wpforms-submit\">Soumettre<\/button><\/div><\/form><\/div>  <!-- .wpforms-container -->\n","protected":false},"excerpt":{"rendered":"","protected":false},"author":7,"featured_media":0,"parent":0,"menu_order":0,"comment_status":"closed","ping_status":"closed","template":"","meta":{"_acf_changed":false,"_lmt_disableupdate":"no","_lmt_disable":"","footnotes":""},"class_list":["post-8118","page","type-page","status-publish","hentry"],"acf":[],"yoast_head":"<!-- This site is optimized with the Yoast SEO plugin v27.3 - https:\/\/yoast.com\/product\/yoast-seo-wordpress\/ -->\n<title>Volontaires - Randon\u00e9e pour papa<\/title>\n<meta name=\"robots\" content=\"index, follow, max-snippet:-1, max-image-preview:large, max-video-preview:-1\" \/>\n<link rel=\"canonical\" href=\"https:\/\/ridefordad.ca\/fr\/benevole\/\" \/>\n<meta property=\"og:locale\" content=\"fr_FR\" \/>\n<meta property=\"og:type\" content=\"article\" \/>\n<meta property=\"og:title\" content=\"Volontaires - Randon\u00e9e pour papa\" \/>\n<meta property=\"og:url\" content=\"https:\/\/ridefordad.ca\/fr\/benevole\/\" \/>\n<meta property=\"og:site_name\" content=\"Randon\u00e9e pour papa\" \/>\n<meta property=\"article:modified_time\" content=\"2024-09-25T19:51:57+00:00\" \/>\n<meta name=\"twitter:card\" content=\"summary_large_image\" \/>\n<meta name=\"twitter:label1\" content=\"Dur\u00e9e de lecture estim\u00e9e\" \/>\n\t<meta name=\"twitter:data1\" content=\"1 minute\" \/>\n<script type=\"application\/ld+json\" class=\"yoast-schema-graph\">{\"@context\":\"https:\\\/\\\/schema.org\",\"@graph\":[{\"@type\":\"WebPage\",\"@id\":\"https:\\\/\\\/ridefordad.ca\\\/fr\\\/benevole\\\/\",\"url\":\"https:\\\/\\\/ridefordad.ca\\\/fr\\\/benevole\\\/\",\"name\":\"Volontaires - Randon\u00e9e pour papa\",\"isPartOf\":{\"@id\":\"https:\\\/\\\/ridefordad.ca\\\/fr\\\/#website\"},\"datePublished\":\"2024-09-25T18:43:43+00:00\",\"dateModified\":\"2024-09-25T19:51:57+00:00\",\"breadcrumb\":{\"@id\":\"https:\\\/\\\/ridefordad.ca\\\/fr\\\/benevole\\\/#breadcrumb\"},\"inLanguage\":\"fr-FR\",\"potentialAction\":[{\"@type\":\"ReadAction\",\"target\":[\"https:\\\/\\\/ridefordad.ca\\\/fr\\\/benevole\\\/\"]}]},{\"@type\":\"BreadcrumbList\",\"@id\":\"https:\\\/\\\/ridefordad.ca\\\/fr\\\/benevole\\\/#breadcrumb\",\"itemListElement\":[{\"@type\":\"ListItem\",\"position\":1,\"name\":\"Home\",\"item\":\"https:\\\/\\\/ridefordad.ca\\\/fr\\\/accueil\\\/\"},{\"@type\":\"ListItem\",\"position\":2,\"name\":\"Volontaires\"}]},{\"@type\":\"WebSite\",\"@id\":\"https:\\\/\\\/ridefordad.ca\\\/fr\\\/#website\",\"url\":\"https:\\\/\\\/ridefordad.ca\\\/fr\\\/\",\"name\":\"Randon\u00e9e pour papa\",\"description\":\"In Support of  Prostate Cancer Fight Foundation\",\"publisher\":{\"@id\":\"https:\\\/\\\/ridefordad.ca\\\/fr\\\/#organization\"},\"potentialAction\":[{\"@type\":\"SearchAction\",\"target\":{\"@type\":\"EntryPoint\",\"urlTemplate\":\"https:\\\/\\\/ridefordad.ca\\\/fr\\\/?s={search_term_string}\"},\"query-input\":{\"@type\":\"PropertyValueSpecification\",\"valueRequired\":true,\"valueName\":\"search_term_string\"}}],\"inLanguage\":\"fr-FR\"},{\"@type\":\"Organization\",\"@id\":\"https:\\\/\\\/ridefordad.ca\\\/fr\\\/#organization\",\"name\":\"Randon\u00e9e pour papa\",\"url\":\"https:\\\/\\\/ridefordad.ca\\\/fr\\\/\",\"logo\":{\"@type\":\"ImageObject\",\"inLanguage\":\"fr-FR\",\"@id\":\"https:\\\/\\\/ridefordad.ca\\\/fr\\\/#\\\/schema\\\/logo\\\/image\\\/\",\"url\":\"https:\\\/\\\/ridefordad.ca\\\/wp-content\\\/uploads\\\/2020\\\/09\\\/RFD-Logo.png\",\"contentUrl\":\"https:\\\/\\\/ridefordad.ca\\\/wp-content\\\/uploads\\\/2020\\\/09\\\/RFD-Logo.png\",\"width\":200,\"height\":200,\"caption\":\"Randon\u00e9e pour papa\"},\"image\":{\"@id\":\"https:\\\/\\\/ridefordad.ca\\\/fr\\\/#\\\/schema\\\/logo\\\/image\\\/\"}}]}<\/script>\n<!-- \/ Yoast SEO plugin. -->","yoast_head_json":{"title":"Volontaires - Randon\u00e9e pour papa","robots":{"index":"index","follow":"follow","max-snippet":"max-snippet:-1","max-image-preview":"max-image-preview:large","max-video-preview":"max-video-preview:-1"},"canonical":"https:\/\/ridefordad.ca\/fr\/benevole\/","og_locale":"fr_FR","og_type":"article","og_title":"Volontaires - Randon\u00e9e pour papa","og_url":"https:\/\/ridefordad.ca\/fr\/benevole\/","og_site_name":"Randon\u00e9e pour papa","article_modified_time":"2024-09-25T19:51:57+00:00","twitter_card":"summary_large_image","twitter_misc":{"Dur\u00e9e de lecture estim\u00e9e":"1 minute"},"schema":{"@context":"https:\/\/schema.org","@graph":[{"@type":"WebPage","@id":"https:\/\/ridefordad.ca\/fr\/benevole\/","url":"https:\/\/ridefordad.ca\/fr\/benevole\/","name":"Volontaires - Randon\u00e9e pour papa","isPartOf":{"@id":"https:\/\/ridefordad.ca\/fr\/#website"},"datePublished":"2024-09-25T18:43:43+00:00","dateModified":"2024-09-25T19:51:57+00:00","breadcrumb":{"@id":"https:\/\/ridefordad.ca\/fr\/benevole\/#breadcrumb"},"inLanguage":"fr-FR","potentialAction":[{"@type":"ReadAction","target":["https:\/\/ridefordad.ca\/fr\/benevole\/"]}]},{"@type":"BreadcrumbList","@id":"https:\/\/ridefordad.ca\/fr\/benevole\/#breadcrumb","itemListElement":[{"@type":"ListItem","position":1,"name":"Home","item":"https:\/\/ridefordad.ca\/fr\/accueil\/"},{"@type":"ListItem","position":2,"name":"Volontaires"}]},{"@type":"WebSite","@id":"https:\/\/ridefordad.ca\/fr\/#website","url":"https:\/\/ridefordad.ca\/fr\/","name":"Randon\u00e9e pour papa","description":"In Support of  Prostate Cancer Fight Foundation","publisher":{"@id":"https:\/\/ridefordad.ca\/fr\/#organization"},"potentialAction":[{"@type":"SearchAction","target":{"@type":"EntryPoint","urlTemplate":"https:\/\/ridefordad.ca\/fr\/?s={search_term_string}"},"query-input":{"@type":"PropertyValueSpecification","valueRequired":true,"valueName":"search_term_string"}}],"inLanguage":"fr-FR"},{"@type":"Organization","@id":"https:\/\/ridefordad.ca\/fr\/#organization","name":"Randon\u00e9e pour papa","url":"https:\/\/ridefordad.ca\/fr\/","logo":{"@type":"ImageObject","inLanguage":"fr-FR","@id":"https:\/\/ridefordad.ca\/fr\/#\/schema\/logo\/image\/","url":"https:\/\/ridefordad.ca\/wp-content\/uploads\/2020\/09\/RFD-Logo.png","contentUrl":"https:\/\/ridefordad.ca\/wp-content\/uploads\/2020\/09\/RFD-Logo.png","width":200,"height":200,"caption":"Randon\u00e9e pour papa"},"image":{"@id":"https:\/\/ridefordad.ca\/fr\/#\/schema\/logo\/image\/"}}]}},"_links":{"self":[{"href":"https:\/\/ridefordad.ca\/fr\/wp-json\/wp\/v2\/pages\/8118","targetHints":{"allow":["GET"]}}],"collection":[{"href":"https:\/\/ridefordad.ca\/fr\/wp-json\/wp\/v2\/pages"}],"about":[{"href":"https:\/\/ridefordad.ca\/fr\/wp-json\/wp\/v2\/types\/page"}],"author":[{"embeddable":true,"href":"https:\/\/ridefordad.ca\/fr\/wp-json\/wp\/v2\/users\/7"}],"replies":[{"embeddable":true,"href":"https:\/\/ridefordad.ca\/fr\/wp-json\/wp\/v2\/comments?post=8118"}],"version-history":[{"count":1,"href":"https:\/\/ridefordad.ca\/fr\/wp-json\/wp\/v2\/pages\/8118\/revisions"}],"predecessor-version":[{"id":8122,"href":"https:\/\/ridefordad.ca\/fr\/wp-json\/wp\/v2\/pages\/8118\/revisions\/8122"}],"wp:attachment":[{"href":"https:\/\/ridefordad.ca\/fr\/wp-json\/wp\/v2\/media?parent=8118"}],"curies":[{"name":"wp","href":"https:\/\/api.w.org\/{rel}","templated":true}]}}