{"id":8213,"date":"2024-12-16T12:46:33","date_gmt":"2024-12-16T17:46:33","guid":{"rendered":"https:\/\/ridefordad.ca\/politique-de-confidentialite\/"},"modified":"2024-12-16T12:47:25","modified_gmt":"2024-12-16T17:47:25","slug":"politique-de-confidentialite","status":"publish","type":"page","link":"https:\/\/ridefordad.ca\/fr\/politique-de-confidentialite\/","title":{"rendered":"Politique de confidentialit\u00e9"},"content":{"rendered":"<div class=\"column full\" spellcheck=\"false\" data-ms-editor=\"true\">\n<h1 style=\"text-align: center;\">Politique de confidentialit\u00e9<\/h1>\n<div class=\"edit\"><\/div>\n<p class=\"edit\">La Fondation Ride for Dad (RFD)\/Prostate Cancer Fight Foundation (PCFF) s&rsquo;engage \u00e0 prot\u00e9ger votre vie priv\u00e9e et \u00e0 maintenir la confidentialit\u00e9 de vos informations personnelles.<\/p>\n<div class=\"edit\"><\/div>\n<p class=\"edit\">Les informations personnelles peuvent nous \u00eatre fournies par le biais de l&rsquo;inscription, des appels t\u00e9l\u00e9phoniques, de la correspondance, des dons, des dons en ligne, des formulaires de promesse de don, des courriels ou d&rsquo;autres formes de communication. Ces informations peuvent \u00eatre enregistr\u00e9es dans le but de traiter et d&rsquo;accuser r\u00e9ception d&rsquo;un don, de reconna\u00eetre une contribution, d&rsquo;enregistrer votre participation \u00e0 un \u00e9v\u00e9nement de collecte de fonds, de distribuer des informations concernant ces \u00e9v\u00e9nements ou de r\u00e9pondre \u00e0 vos demandes d&rsquo;information. <\/p>\n<div class=\"edit\"><\/div>\n<p class=\"edit\">Le RFD\/PCFF ne fournira ni ne partagera vos informations personnelles avec des tiers sauf si :<\/p>\n<ul>\n<li>\n<div class=\"edit\">vous nous autorisez \u00e0 partager les informations ;<\/div>\n<\/li>\n<li>\n<div class=\"edit\">le partage des informations est n\u00e9cessaire pour traiter un don (c&rsquo;est-\u00e0-dire fournir un re\u00e7u de charit\u00e9), pour traiter une transaction par carte de cr\u00e9dit ; ou<\/div>\n<\/li>\n<li>\n<div class=\"edit\">nous sommes tenus par la loi de le faire.<\/div>\n<\/li>\n<\/ul>\n<div class=\"edit\"><\/div>\n<p class=\"edit\">Des copies de cette politique de confidentialit\u00e9 seront mises \u00e0 la disposition de tous les destinataires tiers.<\/p>\n<div class=\"edit\"><\/div>\n<p class=\"edit\">L&rsquo;utilisation des informations partag\u00e9es avec des tiers doit \u00eatre limit\u00e9e \u00e0 l&rsquo;objectif pour lequel les informations sont transf\u00e9r\u00e9es (par exemple, la d\u00e9livrance de re\u00e7us, l&rsquo;approbation de cr\u00e9dit, etc.).<\/p>\n<div class=\"edit\"><\/div>\n<p class=\"edit\">Toute demande d&rsquo;acc\u00e8s \u00e0 des informations personnelles par des tiers, ou toute plainte, doit \u00eatre transf\u00e9r\u00e9e au RFD\/PCFF. Les informations personnelles transf\u00e9r\u00e9es \u00e0 un tiers doivent \u00eatre retourn\u00e9es au RFD\/PCFF et toutes les copies de celles-ci doivent \u00eatre d\u00e9truites lorsque la raison du transfert des informations a \u00e9t\u00e9 accomplie. <\/p>\n<div class=\"edit\"><\/div>\n<p class=\"edit\">Le RFD\/PCFF se r\u00e9serve le droit de modifier cette politique \u00e0 tout moment. Si vous avez des questions concernant notre politique de confidentialit\u00e9, veuillez contacter Garry Janz, \u00e0 l&rsquo;adresse ci-dessous. <\/p>\n<div class=\"edit\"><\/div>\n<p class=\"edit\">Politique de confidentialit\u00e9<br \/>\nc\/o The Prostate Cancer Fight Foundation,<\/p>\n<p>424-300 Earl Grey Dr.<br \/>\nOttawa, ON K2T 1C1<\/p>\n<\/div>\n","protected":false},"excerpt":{"rendered":"<p>Politique de confidentialit\u00e9 La Fondation Ride for Dad (RFD)\/Prostate Cancer Fight Foundation (PCFF) s&rsquo;engage \u00e0 prot\u00e9ger votre vie priv\u00e9e et \u00e0 maintenir la confidentialit\u00e9 de vos<span class=\"excerpt-hellip\"> [\u2026]<\/span><\/p>\n","protected":false},"author":7,"featured_media":0,"parent":0,"menu_order":0,"comment_status":"closed","ping_status":"closed","template":"","meta":{"_acf_changed":false,"_lmt_disableupdate":"","_lmt_disable":"","footnotes":""},"class_list":["post-8213","page","type-page","status-publish","hentry"],"acf":[],"yoast_head":"<!-- This site is optimized with the Yoast SEO plugin v27.3 - https:\/\/yoast.com\/product\/yoast-seo-wordpress\/ -->\n<title>Politique de confidentialit\u00e9 - Randon\u00e9e pour papa<\/title>\n<meta name=\"robots\" content=\"index, follow, max-snippet:-1, max-image-preview:large, max-video-preview:-1\" \/>\n<link rel=\"canonical\" href=\"https:\/\/ridefordad.ca\/fr\/politique-de-confidentialite\/\" \/>\n<meta property=\"og:locale\" content=\"fr_FR\" \/>\n<meta property=\"og:type\" content=\"article\" \/>\n<meta property=\"og:title\" content=\"Politique de confidentialit\u00e9 - Randon\u00e9e pour papa\" \/>\n<meta property=\"og:description\" content=\"Politique de confidentialit\u00e9 La Fondation Ride for Dad (RFD)\/Prostate Cancer Fight Foundation (PCFF) s&rsquo;engage \u00e0 prot\u00e9ger votre vie priv\u00e9e et \u00e0 maintenir la confidentialit\u00e9 de vos [\u2026]\" \/>\n<meta property=\"og:url\" content=\"https:\/\/ridefordad.ca\/fr\/politique-de-confidentialite\/\" \/>\n<meta property=\"og:site_name\" content=\"Randon\u00e9e pour papa\" \/>\n<meta property=\"article:modified_time\" content=\"2024-12-16T17:47:25+00:00\" \/>\n<meta name=\"twitter:card\" content=\"summary_large_image\" \/>\n<meta name=\"twitter:label1\" content=\"Dur\u00e9e de lecture estim\u00e9e\" \/>\n\t<meta name=\"twitter:data1\" content=\"2 minutes\" \/>\n<script type=\"application\/ld+json\" class=\"yoast-schema-graph\">{\"@context\":\"https:\\\/\\\/schema.org\",\"@graph\":[{\"@type\":\"WebPage\",\"@id\":\"https:\\\/\\\/ridefordad.ca\\\/fr\\\/politique-de-confidentialite\\\/\",\"url\":\"https:\\\/\\\/ridefordad.ca\\\/fr\\\/politique-de-confidentialite\\\/\",\"name\":\"Politique de confidentialit\u00e9 - Randon\u00e9e pour papa\",\"isPartOf\":{\"@id\":\"https:\\\/\\\/ridefordad.ca\\\/fr\\\/#website\"},\"datePublished\":\"2024-12-16T17:46:33+00:00\",\"dateModified\":\"2024-12-16T17:47:25+00:00\",\"breadcrumb\":{\"@id\":\"https:\\\/\\\/ridefordad.ca\\\/fr\\\/politique-de-confidentialite\\\/#breadcrumb\"},\"inLanguage\":\"fr-FR\",\"potentialAction\":[{\"@type\":\"ReadAction\",\"target\":[\"https:\\\/\\\/ridefordad.ca\\\/fr\\\/politique-de-confidentialite\\\/\"]}]},{\"@type\":\"BreadcrumbList\",\"@id\":\"https:\\\/\\\/ridefordad.ca\\\/fr\\\/politique-de-confidentialite\\\/#breadcrumb\",\"itemListElement\":[{\"@type\":\"ListItem\",\"position\":1,\"name\":\"Home\",\"item\":\"https:\\\/\\\/ridefordad.ca\\\/fr\\\/accueil\\\/\"},{\"@type\":\"ListItem\",\"position\":2,\"name\":\"Politique de confidentialit\u00e9\"}]},{\"@type\":\"WebSite\",\"@id\":\"https:\\\/\\\/ridefordad.ca\\\/fr\\\/#website\",\"url\":\"https:\\\/\\\/ridefordad.ca\\\/fr\\\/\",\"name\":\"Randon\u00e9e pour papa\",\"description\":\"In Support of  Prostate Cancer Fight Foundation\",\"publisher\":{\"@id\":\"https:\\\/\\\/ridefordad.ca\\\/fr\\\/#organization\"},\"potentialAction\":[{\"@type\":\"SearchAction\",\"target\":{\"@type\":\"EntryPoint\",\"urlTemplate\":\"https:\\\/\\\/ridefordad.ca\\\/fr\\\/?s={search_term_string}\"},\"query-input\":{\"@type\":\"PropertyValueSpecification\",\"valueRequired\":true,\"valueName\":\"search_term_string\"}}],\"inLanguage\":\"fr-FR\"},{\"@type\":\"Organization\",\"@id\":\"https:\\\/\\\/ridefordad.ca\\\/fr\\\/#organization\",\"name\":\"Randon\u00e9e pour papa\",\"url\":\"https:\\\/\\\/ridefordad.ca\\\/fr\\\/\",\"logo\":{\"@type\":\"ImageObject\",\"inLanguage\":\"fr-FR\",\"@id\":\"https:\\\/\\\/ridefordad.ca\\\/fr\\\/#\\\/schema\\\/logo\\\/image\\\/\",\"url\":\"https:\\\/\\\/ridefordad.ca\\\/wp-content\\\/uploads\\\/2020\\\/09\\\/RFD-Logo.png\",\"contentUrl\":\"https:\\\/\\\/ridefordad.ca\\\/wp-content\\\/uploads\\\/2020\\\/09\\\/RFD-Logo.png\",\"width\":200,\"height\":200,\"caption\":\"Randon\u00e9e pour papa\"},\"image\":{\"@id\":\"https:\\\/\\\/ridefordad.ca\\\/fr\\\/#\\\/schema\\\/logo\\\/image\\\/\"}}]}<\/script>\n<!-- \/ Yoast SEO plugin. -->","yoast_head_json":{"title":"Politique de confidentialit\u00e9 - Randon\u00e9e pour papa","robots":{"index":"index","follow":"follow","max-snippet":"max-snippet:-1","max-image-preview":"max-image-preview:large","max-video-preview":"max-video-preview:-1"},"canonical":"https:\/\/ridefordad.ca\/fr\/politique-de-confidentialite\/","og_locale":"fr_FR","og_type":"article","og_title":"Politique de confidentialit\u00e9 - Randon\u00e9e pour papa","og_description":"Politique de confidentialit\u00e9 La Fondation Ride for Dad (RFD)\/Prostate Cancer Fight Foundation (PCFF) s&rsquo;engage \u00e0 prot\u00e9ger votre vie priv\u00e9e et \u00e0 maintenir la confidentialit\u00e9 de vos [\u2026]","og_url":"https:\/\/ridefordad.ca\/fr\/politique-de-confidentialite\/","og_site_name":"Randon\u00e9e pour papa","article_modified_time":"2024-12-16T17:47:25+00:00","twitter_card":"summary_large_image","twitter_misc":{"Dur\u00e9e de lecture estim\u00e9e":"2 minutes"},"schema":{"@context":"https:\/\/schema.org","@graph":[{"@type":"WebPage","@id":"https:\/\/ridefordad.ca\/fr\/politique-de-confidentialite\/","url":"https:\/\/ridefordad.ca\/fr\/politique-de-confidentialite\/","name":"Politique de confidentialit\u00e9 - Randon\u00e9e pour papa","isPartOf":{"@id":"https:\/\/ridefordad.ca\/fr\/#website"},"datePublished":"2024-12-16T17:46:33+00:00","dateModified":"2024-12-16T17:47:25+00:00","breadcrumb":{"@id":"https:\/\/ridefordad.ca\/fr\/politique-de-confidentialite\/#breadcrumb"},"inLanguage":"fr-FR","potentialAction":[{"@type":"ReadAction","target":["https:\/\/ridefordad.ca\/fr\/politique-de-confidentialite\/"]}]},{"@type":"BreadcrumbList","@id":"https:\/\/ridefordad.ca\/fr\/politique-de-confidentialite\/#breadcrumb","itemListElement":[{"@type":"ListItem","position":1,"name":"Home","item":"https:\/\/ridefordad.ca\/fr\/accueil\/"},{"@type":"ListItem","position":2,"name":"Politique de confidentialit\u00e9"}]},{"@type":"WebSite","@id":"https:\/\/ridefordad.ca\/fr\/#website","url":"https:\/\/ridefordad.ca\/fr\/","name":"Randon\u00e9e pour papa","description":"In Support of  Prostate Cancer Fight Foundation","publisher":{"@id":"https:\/\/ridefordad.ca\/fr\/#organization"},"potentialAction":[{"@type":"SearchAction","target":{"@type":"EntryPoint","urlTemplate":"https:\/\/ridefordad.ca\/fr\/?s={search_term_string}"},"query-input":{"@type":"PropertyValueSpecification","valueRequired":true,"valueName":"search_term_string"}}],"inLanguage":"fr-FR"},{"@type":"Organization","@id":"https:\/\/ridefordad.ca\/fr\/#organization","name":"Randon\u00e9e pour papa","url":"https:\/\/ridefordad.ca\/fr\/","logo":{"@type":"ImageObject","inLanguage":"fr-FR","@id":"https:\/\/ridefordad.ca\/fr\/#\/schema\/logo\/image\/","url":"https:\/\/ridefordad.ca\/wp-content\/uploads\/2020\/09\/RFD-Logo.png","contentUrl":"https:\/\/ridefordad.ca\/wp-content\/uploads\/2020\/09\/RFD-Logo.png","width":200,"height":200,"caption":"Randon\u00e9e pour papa"},"image":{"@id":"https:\/\/ridefordad.ca\/fr\/#\/schema\/logo\/image\/"}}]}},"_links":{"self":[{"href":"https:\/\/ridefordad.ca\/fr\/wp-json\/wp\/v2\/pages\/8213","targetHints":{"allow":["GET"]}}],"collection":[{"href":"https:\/\/ridefordad.ca\/fr\/wp-json\/wp\/v2\/pages"}],"about":[{"href":"https:\/\/ridefordad.ca\/fr\/wp-json\/wp\/v2\/types\/page"}],"author":[{"embeddable":true,"href":"https:\/\/ridefordad.ca\/fr\/wp-json\/wp\/v2\/users\/7"}],"replies":[{"embeddable":true,"href":"https:\/\/ridefordad.ca\/fr\/wp-json\/wp\/v2\/comments?post=8213"}],"version-history":[{"count":0,"href":"https:\/\/ridefordad.ca\/fr\/wp-json\/wp\/v2\/pages\/8213\/revisions"}],"wp:attachment":[{"href":"https:\/\/ridefordad.ca\/fr\/wp-json\/wp\/v2\/media?parent=8213"}],"curies":[{"name":"wp","href":"https:\/\/api.w.org\/{rel}","templated":true}]}}